{"id":12,"date":"2017-01-02T08:30:09","date_gmt":"2017-01-02T08:30:09","guid":{"rendered":"https:\/\/demo.themegrill.com\/flash-default-2\/?page_id=12"},"modified":"2018-10-22T02:40:03","modified_gmt":"2018-10-22T02:40:03","slug":"kontakt","status":"publish","type":"page","link":"https:\/\/www.websitesfl.com\/pl\/kontakt\/","title":{"rendered":"Kontakt"},"content":{"rendered":"<div id=\"pl-12\"  class=\"panel-layout\" ><div id=\"pg-12-0\"  class=\"panel-grid panel-no-style\" ><div id=\"pgc-12-0-0\"  class=\"panel-grid-cell\" ><div id=\"panel-12-0-0-0\" class=\"so-panel widget widget_text panel-first-child panel-last-child\" data-index=\"0\" >\t\t\t<div class=\"textwidget\"><div class=\"everest-forms\"><div class=\"evf-container default\" id=\"evf-472\"><form id=\"evf-form-472\" class=\"everest-form\" data-formid=\"472\" data-ajax_submission=\"0\" data-keyboard_friendly_form=\"0\" data-form_state_type=\"\" method=\"post\" enctype=\"multipart\/form-data\" action=\"\/pl\/wp-json\/wp\/v2\/pages\/12\"><div class=\"evf-field-container\"><input type=\"hidden\" id=\"_wpnonce472\" name=\"_wpnonce472\" value=\"a776289cf9\" \/><input type=\"hidden\" name=\"_wp_http_referer\" value=\"\/pl\/wp-json\/wp\/v2\/pages\/12\" \/><div class=\"evf-frontend-row\" data-row=\"row_1\" conditional_rules=\"[]\"><div class=\"evf-frontend-grid evf-grid-1\" data-grid=\"grid_1\"><div id=\"evf-472-field_lVizlNhYus-1-container\" class=\"evf-field evf-field-text form-row validate-required\" data-required-field-message=\"This field is required.\" data-field-id=\"lVizlNhYus-1\"><label class=\"evf-field-label\" for=\"evf-472-field_lVizlNhYus-1\"><span class=\"evf-label\">Twoje imi\u0119<\/span> <abbr class=\"required\" title=\"Required\">*<\/abbr><\/label><input type=\"text\" id=\"evf-472-field_lVizlNhYus-1\" class=\"input-text\" name=\"everest_forms[form_fields][lVizlNhYus-1]\" required><\/div><div id=\"evf-472-field_XYnMdkQDKM-3-container\" class=\"evf-field evf-field-email form-row validate-required validate-email\" data-required-field-message=\"Please enter a valid email address.\" data-field-id=\"XYnMdkQDKM-3\"><label class=\"evf-field-label\" for=\"evf-472-field_XYnMdkQDKM-3\"><span class=\"evf-label\">Tw\u00f3j email<\/span> <abbr class=\"required\" title=\"Required\">*<\/abbr><\/label><input type=\"email\" id=\"evf-472-field_XYnMdkQDKM-3\" class=\"input-text\" name=\"everest_forms[form_fields][XYnMdkQDKM-3]\" required ><\/div><div id=\"evf-472-field_xJivsqAS2c-2-container\" class=\"evf-field evf-field-text form-row validate-required\" data-required-field-message=\"This field is required.\" data-field-id=\"xJivsqAS2c-2\"><label class=\"evf-field-label\" for=\"evf-472-field_xJivsqAS2c-2\"><span class=\"evf-label\">Tw\u00f3j numer telefonu<\/span> <abbr class=\"required\" title=\"Required\">*<\/abbr><\/label><input type=\"text\" id=\"evf-472-field_xJivsqAS2c-2\" class=\"input-text\" name=\"everest_forms[form_fields][xJivsqAS2c-2]\" required><\/div><div id=\"evf-472-field_YalaPcQ0DO-4-container\" class=\"evf-field evf-field-textarea form-row\" data-field-id=\"YalaPcQ0DO-4\"><label class=\"evf-field-label\" for=\"evf-472-field_YalaPcQ0DO-4\"><span class=\"evf-label\">Wiadomo\u015b\u0107<\/span> <\/label><textarea id=\"evf-472-field_YalaPcQ0DO-4\" class=\"input-text\" name=\"everest_forms[form_fields][YalaPcQ0DO-4]\"  ><\/textarea><\/div><\/div><\/div><\/div><div class=\"evf-submit-container \" ><input type=\"hidden\" name=\"everest_forms[id]\" value=\"472\"><input type=\"hidden\" name=\"everest_forms[author]\" value=\"1\"><button type='submit' name='everest_forms[submit]' class='everest-forms-submit-button button evf-submit ' id='evf-submit-472' value='evf-submit' data-process-text=\"Processing&hellip;\" conditional_rules='&quot;&quot;' conditional_id='evf-submit-472'  id=\"evf-submit-472\" aria-live=\"assertive\">Wy\u015blij<\/button><\/div><\/form><\/div><!-- .evf-container --><\/div>\n<\/div>\n\t\t<\/div><\/div><div id=\"pgc-12-0-1\"  class=\"panel-grid-cell\" ><div id=\"panel-12-0-1-0\" class=\"widget_text so-panel widget widget_custom_html panel-first-child panel-last-child\" data-index=\"1\" ><div class=\"textwidget custom-html-widget\"><iframe src=\"https:\/\/www.google.com\/maps\/embed?pb=!1m18!1m12!1m3!1d1773.2921368938128!2d-82.46762578251428!3d27.26356484233523!2m3!1f0!2f0!3f0!3m2!1i1024!2i768!4f13.1!3m3!1m2!1s0x88c346afceae68d3%3A0x34cb4f05b3f172e6!2s5168+Northridge+Rd%2C+Sarasota%2C+FL+34238!5e0!3m2!1sen!2sus!4v1539564372935\" width=\"390\" height=\"530\" frameborder=\"0\" style=\"border:0\" allowfullscreen><\/iframe><\/div><\/div><\/div><div id=\"pgc-12-0-2\"  class=\"panel-grid-cell\" ><div id=\"panel-12-0-2-0\" class=\"widget_text so-panel widget widget_custom_html panel-first-child panel-last-child\" data-index=\"2\" ><div class=\"widget_text panel-widget-style panel-widget-style-for-12-0-2-0\" ><div class=\"textwidget custom-html-widget\"><Strong>WebsitesFL INC<\/Strong> \n<br><br>\nSarasota, FL USA \n<Br><Br>\ntel: 941 600 9543<\/div><\/div><\/div><\/div><\/div><div id=\"pg-12-1\"  class=\"panel-grid panel-has-style\" ><div class=\"panel-row-style panel-row-style-for-12-1\" ><div id=\"pgc-12-1-0\"  class=\"panel-grid-cell panel-grid-cell-empty\" ><\/div><div id=\"pgc-12-1-1\"  class=\"panel-grid-cell panel-grid-cell-empty panel-grid-cell-mobile-last\" ><\/div><div id=\"pgc-12-1-2\"  class=\"panel-grid-cell panel-grid-cell-empty\" ><\/div><\/div><\/div><\/div>","protected":false},"excerpt":{"rendered":"<p>Twoje imi\u0119 *Tw\u00f3j email *Tw\u00f3j numer telefonu *Wiadomo\u015b\u0107 Wy\u015blij WebsitesFL INC Sarasota, FL USA tel: 941 600 9543<\/p>\n","protected":false},"author":1,"featured_media":0,"parent":0,"menu_order":0,"comment_status":"closed","ping_status":"closed","template":"page-templates\/full-width.php","meta":{"ngg_post_thumbnail":0,"footnotes":"","_vp_format_video_url":"","_vp_image_focal_point":[]},"aioseo_notices":[],"_links":{"self":[{"href":"https:\/\/www.websitesfl.com\/pl\/wp-json\/wp\/v2\/pages\/12"}],"collection":[{"href":"https:\/\/www.websitesfl.com\/pl\/wp-json\/wp\/v2\/pages"}],"about":[{"href":"https:\/\/www.websitesfl.com\/pl\/wp-json\/wp\/v2\/types\/page"}],"author":[{"embeddable":true,"href":"https:\/\/www.websitesfl.com\/pl\/wp-json\/wp\/v2\/users\/1"}],"replies":[{"embeddable":true,"href":"https:\/\/www.websitesfl.com\/pl\/wp-json\/wp\/v2\/comments?post=12"}],"version-history":[{"count":23,"href":"https:\/\/www.websitesfl.com\/pl\/wp-json\/wp\/v2\/pages\/12\/revisions"}],"predecessor-version":[{"id":1592,"href":"https:\/\/www.websitesfl.com\/pl\/wp-json\/wp\/v2\/pages\/12\/revisions\/1592"}],"wp:attachment":[{"href":"https:\/\/www.websitesfl.com\/pl\/wp-json\/wp\/v2\/media?parent=12"}],"curies":[{"name":"wp","href":"https:\/\/api.w.org\/{rel}","templated":true}]}}