{"id":553,"date":"2018-07-18T12:34:26","date_gmt":"2018-07-18T12:34:26","guid":{"rendered":"http:\/\/www.websitesfl.com\/pl2\/?page_id=553"},"modified":"2020-05-03T17:09:35","modified_gmt":"2020-05-03T17:09:35","slug":"profesjonalne-uslugi-tworzenia-stron-internetowych","status":"publish","type":"page","link":"https:\/\/www.websitesfl.com\/pl\/profesjonalne-uslugi-tworzenia-stron-internetowych\/","title":{"rendered":"Profesjonalne us\u0142ugi tworzenia stron internetowych"},"content":{"rendered":"<div id=\"pl-553\"  class=\"panel-layout\" ><div id=\"pg-553-0\"  class=\"panel-grid panel-no-style\" ><div id=\"pgc-553-0-0\"  class=\"panel-grid-cell\" ><div id=\"panel-553-0-0-0\" class=\"so-panel widget widget_text panel-first-child panel-last-child\" data-index=\"0\" >\t\t\t<div class=\"textwidget\"><p><Strong><br \/>\nTworzeniem stron internetowych zajmujemy si\u0119 od ponad 15 lat. W tym czasie wykonali\u015bmy wiele projekt\u00f3w dla naszych Klient\u00f3w, od prostych stron internetowych do zaawansowanych portali i aplikacji internetowych. Nasz\u0105 misj\u0105 jest pomoc naszym Klientom w osi\u0105gni\u0119ciu przez nich wyznaczonych cel\u00f3w bez wzgl\u0119du na skal\u0119 i miejsce, gdzie si\u0119 znajduj\u0105.<br \/>\n<\/strong><\/p>\n<p>Po uko\u0144czeniu strony internetowej nasi Klienci otrzymuj\u0105 dost\u0119p do panelu administracyjnego, za pomoc\u0105 kt\u00f3rego mog\u0105 samodzielnie dokonywa\u0107 modyfikacji tre\u015bci, zdj\u0119\u0107 i innych parametr\u00f3w. Oferujemy r\u00f3wnie\u017c szkolenie z zakresu obs\u0142ugi nowej strony internetowej.<\/p>\n<p>W ofercie naszej firmy znajduje si\u0119 r\u00f3wnie\u017c przekszta\u0142canie przestarza\u0142ych i \u017ale funkcjonuj\u0105cych stron internetowy w nowoczesne, profesjonalne strony internetowe z systemem CMS, oferuj\u0105ce pe\u0142n\u0105 kontrol\u0119 nad wizerunkiem w sieci. Oferujemy r\u00f3wnie\u017c us\u0142ugi zwi\u0105zane z utrzymaniem stron internetowych, ich aktualizacj\u0105 i tworzeniem kopii zapasowych.<\/p>\n<\/div>\n\t\t<\/div><\/div><div id=\"pgc-553-0-1\"  class=\"panel-grid-cell\" ><div id=\"panel-553-0-1-0\" class=\"so-panel widget widget_themegrill_flash_image tg-widget tg-image-widget panel-first-child panel-last-child\" data-index=\"1\" >\t<img src=\"https:\/\/www.websitesfl.com\/pl\/wp-content\/uploads\/2020\/05\/Profesjonalne-us\u0142ugi-tworzenia-stron-internetowych-websites-fl-inc.jpg\" \/>\n<\/div><\/div><\/div><div id=\"pg-553-1\"  class=\"panel-grid panel-no-style\" ><div id=\"pgc-553-1-0\"  class=\"panel-grid-cell\" ><div id=\"panel-553-1-0-0\" class=\"so-panel widget widget_text panel-first-child panel-last-child\" data-index=\"2\" >\t\t\t<div class=\"textwidget\"><h2 style=\"font-size: 14pt; text-transform: uppercase; margin-bottom: 20px;\">Sklepy internetowe<\/h2>\n<p>Oferujemy szeroki zakres us\u0142ug zwi\u0105zanych z tworzeniem sklep\u00f3w internetowych, od sklep\u00f3w opartych na platformach, po indywidualne rozwi\u0105zania. Pomagamy r\u00f3wnie\u017c umie\u015bci\u0107 i wypromowa\u0107 produkty naszych Klient\u00f3w na Amazon, Google, Facebook czy Instagram. Posiadamy r\u00f3wnie\u017c do\u015bwiadczenie przy masowym przetwarzaniu du\u017cych \u017ar\u00f3de\u0142 danych.<\/p>\n<h2 style=\"font-size: 14pt; text-transform: uppercase; margin-bottom: 20px;\">Zaawansowane aplikacje internetowe<\/h2>\n<p>W naszej ofercie znajduje si\u0119 r\u00f3wnie\u017c tworzenie zaawansowanych system\u00f3w CRM, portali oraz innych skrypt\u00f3w szytych na miar\u0119. W ci\u0105gu ostatnich 15 lat naszej dzia\u0142alno\u015bci stworzyli\u015bmy wiele tego typu rozwi\u0105za\u0144 dla naszych Klient\u00f3w.<\/p>\n<\/div>\n\t\t<\/div><\/div><div id=\"pgc-553-1-1\"  class=\"panel-grid-cell\" ><div id=\"panel-553-1-1-0\" class=\"so-panel widget widget_text panel-first-child panel-last-child\" data-index=\"3\" >\t\t\t<div class=\"textwidget\"><h2 style=\"font-size: 14pt; text-transform: uppercase; margin-bottom: 20px;\">Strony internetowe oparte o WordPress<\/h2>\n<p>WordPress jest bardzo popularnym systemem zarz\u0105dzania tre\u015bci\u0105, g\u0142\u00f3wnie ze wzgl\u0119du na prostot\u0119 u\u017cytkowania, bardzo wiele dost\u0119pnych rozszerze\u0144 i temat\u00f3w graficznych. Jest te\u017c dobrym wyborem je\u017celi chodzi o SEO. Posiadamy bogate do\u015bwiadczenie w programowaniu w PHP, dzi\u0119ki czemu jeste\u015bmy w stanie stworzy\u0107 szyte na miar\u0119 rozszerzenia dla WordPress.<\/p>\n<h2 style=\"font-size: 14pt; text-transform: uppercase; margin-bottom: 20px;\">Portale internetowe<\/h2>\n<p>W niekt\u00f3rych przypadkach standardowa strona internetowa to za ma\u0142o. Z przyjemno\u015bci\u0105 podejmiemy si\u0119 stworzenia profesjonalnego portalu internetowego zawieraj\u0105cego panel administracyjny, logowanie, forum dyskusyjne i wiele innych unikatowych i rozbudowanych funkcji. <\/p>\n<\/div>\n\t\t<\/div><\/div><\/div><\/div>","protected":false},"excerpt":{"rendered":"<p>Tworzeniem stron internetowych zajmujemy si\u0119 od ponad 15 lat. W tym czasie wykonali\u015bmy wiele projekt\u00f3w dla naszych Klient\u00f3w, od prostych [&hellip;]<\/p>\n","protected":false},"author":1,"featured_media":0,"parent":0,"menu_order":0,"comment_status":"closed","ping_status":"closed","template":"page-templates\/full-width.php","meta":{"ngg_post_thumbnail":0,"footnotes":"","_vp_format_video_url":"","_vp_image_focal_point":[]},"aioseo_notices":[],"_links":{"self":[{"href":"https:\/\/www.websitesfl.com\/pl\/wp-json\/wp\/v2\/pages\/553"}],"collection":[{"href":"https:\/\/www.websitesfl.com\/pl\/wp-json\/wp\/v2\/pages"}],"about":[{"href":"https:\/\/www.websitesfl.com\/pl\/wp-json\/wp\/v2\/types\/page"}],"author":[{"embeddable":true,"href":"https:\/\/www.websitesfl.com\/pl\/wp-json\/wp\/v2\/users\/1"}],"replies":[{"embeddable":true,"href":"https:\/\/www.websitesfl.com\/pl\/wp-json\/wp\/v2\/comments?post=553"}],"version-history":[{"count":63,"href":"https:\/\/www.websitesfl.com\/pl\/wp-json\/wp\/v2\/pages\/553\/revisions"}],"predecessor-version":[{"id":1653,"href":"https:\/\/www.websitesfl.com\/pl\/wp-json\/wp\/v2\/pages\/553\/revisions\/1653"}],"wp:attachment":[{"href":"https:\/\/www.websitesfl.com\/pl\/wp-json\/wp\/v2\/media?parent=553"}],"curies":[{"name":"wp","href":"https:\/\/api.w.org\/{rel}","templated":true}]}}