{"id":555,"date":"2018-07-18T12:34:45","date_gmt":"2018-07-18T12:34:45","guid":{"rendered":"http:\/\/www.websitesfl.com\/pl2\/?page_id=555"},"modified":"2018-11-03T05:21:25","modified_gmt":"2018-11-03T05:21:25","slug":"projektowanie-logotypow-i-grafiki-komputerowej","status":"publish","type":"page","link":"https:\/\/www.websitesfl.com\/pl\/projektowanie-logotypow-i-grafiki-komputerowej\/","title":{"rendered":"Projektowanie logotyp\u00f3w i grafiki komputerowej"},"content":{"rendered":"<div id=\"pl-555\"  class=\"panel-layout\" ><div id=\"pg-555-0\"  class=\"panel-grid panel-no-style\" ><div id=\"pgc-555-0-0\"  class=\"panel-grid-cell\" ><div id=\"panel-555-0-0-0\" class=\"so-panel widget widget_text panel-first-child panel-last-child\" data-index=\"0\" >\t\t\t<div class=\"textwidget\"><h2 style=\"font-size: 14pt; text-transform: uppercase; margin-bottom: 20px;\">Tworzenie logotyp\u00f3w<\/h2>\n<p>Logo jest jednym z najwa\u017cniejszych element\u00f3w indentyfikacji wizualnej ka\u017cdej firmy. Jest u\u017cywane na wizyt\u00f3wkach, ulotkach, katalogach, profilach w mediach spo\u0142eczno\u015bciowych, stronach internetowych i reklamach. <\/p>\n<p>Przez ostatnie 15 lat pomogli\u015bmy wielu firmom przy tworzeniu ich identyfikacji wizualnej. W naszej pracy u\u017cywamy narz\u0119dzi firmy Adobe do stworzenia wysokiej jako\u015bci plik\u00f3w wektorowych, kt\u00f3re mo\u017cna dowolnie skalowa\u0107 bez straty jako\u015bci. Jest to bardzo wa\u017cne szczeg\u00f3lnie w przypadku wykorzystania logo w druku oraz w wersji elektronicznej.<\/p>\n<p>Oferujemy r\u00f3wnie\u017c us\u0142ugi zwi\u0105zane z przerysowaniem istniej\u0105cego logotypu w s\u0142abej jako\u015bci na wysokiej jako\u015bci plik wektorowy lub zamiany prostego szkicu w profesjonalne logo.<\/p>\n<h2 style=\"font-size: 14pt; text-transform: uppercase; margin-bottom: 20px;\">Projektowanie grafiki komputerowej<\/h2>\n<p>W naszej ofercie znajduje si\u0119 r\u00f3wnie\u017c tworzenie r\u00f3\u017cnorodnych materia\u0142\u00f3w promocyjnych, takich jak ulotki, broszury, wizyt\u00f3wki itp.<\/p>\n<p>Profile w mediach spo\u0142eczno\u015bciowych r\u00f3wnie\u017c wymagaj\u0105 profesjonalnych materia\u0142\u00f3w graficznych sp\u00f3jnych z identyfikacj\u0105 firmy. Z przyjemno\u015bci\u0105 podejmiemy si\u0119 wykonania cover image do wykorzystania na Facebooku, baner\u00f3w reklamowych i wielu innych projekt\u00f3w graficznych.<\/p>\n<\/div>\n\t\t<\/div><\/div><div id=\"pgc-555-0-1\"  class=\"panel-grid-cell\" ><div id=\"panel-555-0-1-0\" class=\"so-panel widget widget_themegrill_flash_image tg-widget tg-image-widget panel-first-child panel-last-child\" data-index=\"1\" >\t<img src=\"http:\/\/www.websitesfl.com\/pl\/wp-content\/uploads\/2018\/10\/abstract-1277951_1920.jpg\" \/>\n<\/div><\/div><\/div><\/div>","protected":false},"excerpt":{"rendered":"<p>Tworzenie logotyp\u00f3w Logo jest jednym z najwa\u017cniejszych element\u00f3w indentyfikacji wizualnej ka\u017cdej firmy. Jest u\u017cywane na wizyt\u00f3wkach, ulotkach, katalogach, profilach w [&hellip;]<\/p>\n","protected":false},"author":1,"featured_media":0,"parent":0,"menu_order":0,"comment_status":"closed","ping_status":"closed","template":"page-templates\/full-width.php","meta":{"ngg_post_thumbnail":0,"footnotes":"","_vp_format_video_url":"","_vp_image_focal_point":[]},"aioseo_notices":[],"_links":{"self":[{"href":"https:\/\/www.websitesfl.com\/pl\/wp-json\/wp\/v2\/pages\/555"}],"collection":[{"href":"https:\/\/www.websitesfl.com\/pl\/wp-json\/wp\/v2\/pages"}],"about":[{"href":"https:\/\/www.websitesfl.com\/pl\/wp-json\/wp\/v2\/types\/page"}],"author":[{"embeddable":true,"href":"https:\/\/www.websitesfl.com\/pl\/wp-json\/wp\/v2\/users\/1"}],"replies":[{"embeddable":true,"href":"https:\/\/www.websitesfl.com\/pl\/wp-json\/wp\/v2\/comments?post=555"}],"version-history":[{"count":25,"href":"https:\/\/www.websitesfl.com\/pl\/wp-json\/wp\/v2\/pages\/555\/revisions"}],"predecessor-version":[{"id":1615,"href":"https:\/\/www.websitesfl.com\/pl\/wp-json\/wp\/v2\/pages\/555\/revisions\/1615"}],"wp:attachment":[{"href":"https:\/\/www.websitesfl.com\/pl\/wp-json\/wp\/v2\/media?parent=555"}],"curies":[{"name":"wp","href":"https:\/\/api.w.org\/{rel}","templated":true}]}}