{"id":557,"date":"2018-07-18T12:34:59","date_gmt":"2018-07-18T12:34:59","guid":{"rendered":"http:\/\/www.websitesfl.com\/pl2\/?page_id=557"},"modified":"2018-11-03T05:21:42","modified_gmt":"2018-11-03T05:21:42","slug":"programowanie-php-mysql","status":"publish","type":"page","link":"https:\/\/www.websitesfl.com\/pl\/programowanie-php-mysql\/","title":{"rendered":"Programowanie"},"content":{"rendered":"<div id=\"pl-557\"  class=\"panel-layout\" ><div id=\"pg-557-0\"  class=\"panel-grid panel-no-style\" ><div id=\"pgc-557-0-0\"  class=\"panel-grid-cell\" ><div id=\"panel-557-0-0-0\" class=\"so-panel widget widget_text panel-first-child panel-last-child\" data-index=\"0\" >\t\t\t<div class=\"textwidget\"><p><strong>Ju\u017c od 15 lat pomagamy naszym Klientom tworz\u0105c unikatowe skrypty lub modyfikuj\u0105c istniej\u0105ce rozwi\u0105zania. Jeste\u015bmy w stanie stworzy\u0107 oprogramowanie na wiele platform, od Linuxa do samodzielnych urz\u0105dze\u0144 IoT opartych na platformie Arduino.<\/strong><\/p>\n<h2 style=\"font-size: 14pt; text-transform: uppercase; margin-bottom: 20px;\">Programowanie w PHP<\/h2>\n<p>Tworzymy zoptymalizowany i przejrzysty kod w j\u0119zyku programowania PHP, od skrypt\u00f3w do przetwarzania ma\u0142ej ilo\u015bci danych po rozbudowane aplikacje. Posiadamy bogate do\u015bwiadczenie w tworzeniu szytych na miar\u0119 wtyczek do WordPress i modyfikowaniu rozwi\u0105za\u0144 Open Source.<\/p>\n<h2 style=\"font-size: 14pt; text-transform: uppercase; margin-bottom: 20px;\">Programowanie baz danch<\/h2>\n<p>W projektach, kt\u00f3re tworzymy, wykorzystujemy g\u0142\u00f3wnie bazy danych MySQL i j\u0119zyk SQL. S\u0105 to jedne z najbardziej popularnych na rynku rozwi\u0105za\u0144, u\u017cywanych powszechnie przy tworzeniu aplikacji internetowych oraz stron internetowych. <\/p>\n<h2 style=\"font-size: 14pt; text-transform: uppercase; margin-bottom: 20px;\">Urz\u0105dzenia Internet of Things z wykorzystaniem Arduino<\/h2>\n<p>Jeste\u015bmy w stanie stworzy\u0107 dowolny kod oraz gotowe urz\u0105dzenie oparte na mikrokontrolerze AVR, od prostych rozwi\u0105za\u0144 jak migaj\u0105ca dioda LED do zaawansowanych sterownik\u00f3w z komunikacj\u0105 WiFi\/Bluetooth.<\/p>\n<\/div>\n\t\t<\/div><\/div><div id=\"pgc-557-0-1\"  class=\"panel-grid-cell\" ><div id=\"panel-557-0-1-0\" class=\"so-panel widget widget_themegrill_flash_image tg-widget tg-image-widget panel-first-child panel-last-child\" data-index=\"1\" >\t<img src=\"http:\/\/www.websitesfl.com\/pl\/wp-content\/uploads\/2018\/07\/code-2620118_1920.jpg\" \/>\n<\/div><\/div><\/div><\/div>","protected":false},"excerpt":{"rendered":"<p>Ju\u017c od 15 lat pomagamy naszym Klientom tworz\u0105c unikatowe skrypty lub modyfikuj\u0105c istniej\u0105ce rozwi\u0105zania. Jeste\u015bmy w stanie stworzy\u0107 oprogramowanie na [&hellip;]<\/p>\n","protected":false},"author":1,"featured_media":0,"parent":0,"menu_order":0,"comment_status":"closed","ping_status":"closed","template":"page-templates\/full-width.php","meta":{"ngg_post_thumbnail":0,"footnotes":"","_vp_format_video_url":"","_vp_image_focal_point":[]},"aioseo_notices":[],"_links":{"self":[{"href":"https:\/\/www.websitesfl.com\/pl\/wp-json\/wp\/v2\/pages\/557"}],"collection":[{"href":"https:\/\/www.websitesfl.com\/pl\/wp-json\/wp\/v2\/pages"}],"about":[{"href":"https:\/\/www.websitesfl.com\/pl\/wp-json\/wp\/v2\/types\/page"}],"author":[{"embeddable":true,"href":"https:\/\/www.websitesfl.com\/pl\/wp-json\/wp\/v2\/users\/1"}],"replies":[{"embeddable":true,"href":"https:\/\/www.websitesfl.com\/pl\/wp-json\/wp\/v2\/comments?post=557"}],"version-history":[{"count":27,"href":"https:\/\/www.websitesfl.com\/pl\/wp-json\/wp\/v2\/pages\/557\/revisions"}],"predecessor-version":[{"id":1616,"href":"https:\/\/www.websitesfl.com\/pl\/wp-json\/wp\/v2\/pages\/557\/revisions\/1616"}],"wp:attachment":[{"href":"https:\/\/www.websitesfl.com\/pl\/wp-json\/wp\/v2\/media?parent=557"}],"curies":[{"name":"wp","href":"https:\/\/api.w.org\/{rel}","templated":true}]}}