{"id":572,"date":"2018-07-18T12:36:42","date_gmt":"2018-07-18T12:36:42","guid":{"rendered":"http:\/\/www.websitesfl.com\/pl2\/?page_id=572"},"modified":"2023-09-18T13:41:34","modified_gmt":"2023-09-18T13:41:34","slug":"o-nas","status":"publish","type":"page","link":"https:\/\/www.websitesfl.com\/pl\/o-nas\/","title":{"rendered":"O Nas"},"content":{"rendered":"<div id=\"pl-572\"  class=\"panel-layout\" ><div id=\"pg-572-0\"  class=\"panel-grid panel-no-style\" ><div id=\"pgc-572-0-0\"  class=\"panel-grid-cell\" ><div id=\"panel-572-0-0-0\" class=\"widget_text so-panel widget widget_custom_html panel-first-child panel-last-child\" data-index=\"0\" ><h3 class=\"widget-title\">O firmie<\/h3><div class=\"textwidget custom-html-widget\"><br><strong>W 2002 roku rozpocz\u0119li\u015bmy dzia\u0142alno\u015b\u0107 informatyczn\u0105 w Warszawie. Przez 12 lat pomogli\u015bmy wielu klientom w Polsce. W 2014 roku przeprowadzili\u015bmy si\u0119 do Sarasoty na Florydzie, gdzie kontynuujemy nasz\u0105 dzia\u0142alno\u015b\u0107.\n\n\n<\/strong>\n<br><br>\nSpecjalizujemy si\u0119 w us\u0142ugach IT \u2013 od tworzenia logotyp\u00f3w, baner\u00f3w i grafiki do zaawansowanych stron i portali internetowych. Ka\u017cdy projekt wymaga indywidualnego podej\u015bcia, dlatego staramy si\u0119 jak najlepiej dopasowa\u0107 do potrzeb naszych Klient\u00f3w. \n<br><br>\nGwarantujemy sta\u0142y kontakt z osob\u0105 odpowiedzialn\u0105 za projekt oraz elastyczne podej\u015bcie do ka\u017cdego projektu i satysfakcj\u0119 z naszych us\u0142ug. <\/div><\/div><\/div><div id=\"pgc-572-0-1\"  class=\"panel-grid-cell\" ><div id=\"panel-572-0-1-0\" class=\"widget_text so-panel widget widget_custom_html panel-first-child panel-last-child\" data-index=\"1\" ><h3 class=\"widget-title\">O w\u0142a\u015bcicielu<\/h3><div class=\"textwidget custom-html-widget\"><br><img align=left src=\"https:\/\/websitesfl.com\/wp-content\/uploads\/2020\/11\/PeterMoscickiWebsitesSarasota.jpg\" style=\"padding-right: 10px; padding-bottom: 5px; width:200px;\"><strong>\nPiotr Moscicki jest programist\u0105 komputerowym i web developerem z ponad 20-letnim do\u015bwiadczeniem w IT. Jest on r\u00f3wnie\u017c grafikiem komputerowym specjalizuj\u0105cym si\u0119 w grafice wektorowej, u\u017cywanej m.in. przy tworzeniu logotyp\u00f3w, identyfikacji wizualnej oraz przy projektowaniu stron internetowych. Posiada on te\u017c do\u015bwiadczenie w projektowaniu urz\u0105dze\u0144 elektronicznych, jest entuzjast\u0105 Internet of Things i platformy Arduino.<\/strong> \n<br><br>\nJednym z jego wi\u0119kszych projekt\u00f3w internetowych jest kreator stron internetowych Virtuleo.com oraz katalog firm z Sarasoty (Sarasota24.com).\n<br><br>\nPiotr Moscicki rozpocz\u0105\u0142 swoj\u0105 przygod\u0119 z komputerami w szkole podstawowej, gdzie napisa\u0142 sw\u00f3j pierwszy program komputerowy na komputerze Atari b\u0119d\u0105c uczniem drugiej klasy.\n<br><br>\nW 2014 przeprowadzi\u0142 si\u0119 wraz ze swoj\u0105 rodzin\u0105 do Sarasoty na Florydzie. \n\n\n\n<\/div><\/div><\/div><\/div><\/div>","protected":false},"excerpt":{"rendered":"<p>O firmieW 2002 roku rozpocz\u0119li\u015bmy dzia\u0142alno\u015b\u0107 informatyczn\u0105 w Warszawie. Przez 12 lat pomogli\u015bmy wielu klientom w Polsce. W 2014 roku [&hellip;]<\/p>\n","protected":false},"author":1,"featured_media":0,"parent":0,"menu_order":0,"comment_status":"closed","ping_status":"closed","template":"page-templates\/full-width.php","meta":{"ngg_post_thumbnail":0,"footnotes":"","_vp_format_video_url":"","_vp_image_focal_point":[]},"aioseo_notices":[],"_links":{"self":[{"href":"https:\/\/www.websitesfl.com\/pl\/wp-json\/wp\/v2\/pages\/572"}],"collection":[{"href":"https:\/\/www.websitesfl.com\/pl\/wp-json\/wp\/v2\/pages"}],"about":[{"href":"https:\/\/www.websitesfl.com\/pl\/wp-json\/wp\/v2\/types\/page"}],"author":[{"embeddable":true,"href":"https:\/\/www.websitesfl.com\/pl\/wp-json\/wp\/v2\/users\/1"}],"replies":[{"embeddable":true,"href":"https:\/\/www.websitesfl.com\/pl\/wp-json\/wp\/v2\/comments?post=572"}],"version-history":[{"count":47,"href":"https:\/\/www.websitesfl.com\/pl\/wp-json\/wp\/v2\/pages\/572\/revisions"}],"predecessor-version":[{"id":1703,"href":"https:\/\/www.websitesfl.com\/pl\/wp-json\/wp\/v2\/pages\/572\/revisions\/1703"}],"wp:attachment":[{"href":"https:\/\/www.websitesfl.com\/pl\/wp-json\/wp\/v2\/media?parent=572"}],"curies":[{"name":"wp","href":"https:\/\/api.w.org\/{rel}","templated":true}]}}